{"id":54,"date":"2013-02-14T17:58:01","date_gmt":"2013-02-14T17:58:01","guid":{"rendered":"http:\/\/homecolonialsignpost.com\/?page_id=54"},"modified":"2017-03-02T21:10:20","modified_gmt":"2017-03-02T21:10:20","slug":"a-propos-de-nous","status":"publish","type":"page","link":"https:\/\/homecolonialsignpost.com\/fr\/a-propos-de-nous\/","title":{"rendered":"\u00c0 propos de nous"},"content":{"rendered":"<h2>Le premi\u00e8re impression est toujours la meilleur<\/h2>\n<p>Enseigne Colonial Home fournie des poteaux et enseignes de qualit\u00e9 \u00e0 l&rsquo;industrie immobilier depuis 1993. Avec l&rsquo;introduction des poteaux \u00ab\u00a0The Imagemaker\u00ae\u00a0\u00bb votre Image, Enseigne Colonial Home vous offre maintenant un poteau robuste, fiable, de grande qualit\u00e9 et \u00e0 prix abordable<\/p>\n<p>Le poteau Imagemaker\u00ae est garantie 2 ans!<\/p>\n<h2>Avantages &amp; b\u00e9n\u00e9fices du poteau Colonial Home<\/h2>\n<ul>\n<li>Versatile<\/li>\n<li>L\u00e9ger<\/li>\n<li>Quasiment Indestructible<\/li>\n<li>Sans entretien<\/li>\n<li>Facile \u00e0 utiliser<\/li>\n<li>Bas prix<\/li>\n<li>\u00c0 l&rsquo;epreuve des saisons<\/li>\n<li>Apparance Professionelle<\/li>\n<li>Disponible en format r\u00e9gulier 72&Prime; ou le nouveau standard 60&Prime;<\/li>\n<li>Fabriqu\u00e9 avec un polym\u00e8re presque indestructible<\/li>\n<li>Aucune peinture requise<\/li>\n<li>S&rsquo;assemble en une fraction de seconde. Toutes les pi\u00e8ces \u00ab\u00a0snap\u00a0\u00bb ensemble.<\/li>\n<li>\u00c0 $65.75\/l&rsquo;unit\u00e9, rentable d\u00e8s la premi\u00e8re vente<\/li>\n<li>Ne rouille pas, ne se d\u00e9colore pas et ne s&rsquo;affaiblie pas<\/li>\n<li>Des \u00e9pingles de nylon con\u00e7us sp\u00e9cialement pour d\u00e9courager le vol<\/li>\n<li>Raffinez votre image avec Imagemaker\u00ae<\/li>\n<\/ul>\n<h2>C&rsquo;EST GARANTIE!<\/h2>\n<p>Le poteau Imagemaker\u00ae est garantie 2 ans!<\/p>\n","protected":false},"excerpt":{"rendered":"<p>Le premi\u00e8re impression est toujours la meilleur Enseigne Colonial Home fournie des poteaux et enseignes de qualit\u00e9 \u00e0 l&rsquo;industrie immobilier depuis 1993. Avec l&rsquo;introduction des poteaux \u00ab\u00a0The Imagemaker\u00ae\u00a0\u00bb votre Image, Enseigne Colonial Home vous offre maintenant un poteau robuste, fiable, de grande qualit\u00e9 et \u00e0 prix abordable Le poteau Imagemaker\u00ae est garantie 2 ans! Avantages &amp; b\u00e9n\u00e9fices du poteau Colonial Home Versatile L\u00e9ger Quasiment Indestructible Sans entretien Facile \u00e0 utiliser Bas prix \u00c0 l&rsquo;epreuve des saisons Apparance Professionelle Disponible en format r\u00e9gulier 72&Prime; ou le nouveau standard 60&Prime; Fabriqu\u00e9 avec un polym\u00e8re presque indestructible Aucune peinture requise S&rsquo;assemble en [&hellip;]<\/p>\n","protected":false},"author":4,"featured_media":0,"parent":0,"menu_order":0,"comment_status":"closed","ping_status":"closed","template":"","meta":{"_links_to":"","_links_to_target":""},"_links":{"self":[{"href":"https:\/\/homecolonialsignpost.com\/fr\/wp-json\/wp\/v2\/pages\/54"}],"collection":[{"href":"https:\/\/homecolonialsignpost.com\/fr\/wp-json\/wp\/v2\/pages"}],"about":[{"href":"https:\/\/homecolonialsignpost.com\/fr\/wp-json\/wp\/v2\/types\/page"}],"author":[{"embeddable":true,"href":"https:\/\/homecolonialsignpost.com\/fr\/wp-json\/wp\/v2\/users\/4"}],"replies":[{"embeddable":true,"href":"https:\/\/homecolonialsignpost.com\/fr\/wp-json\/wp\/v2\/comments?post=54"}],"version-history":[{"count":5,"href":"https:\/\/homecolonialsignpost.com\/fr\/wp-json\/wp\/v2\/pages\/54\/revisions"}],"predecessor-version":[{"id":337,"href":"https:\/\/homecolonialsignpost.com\/fr\/wp-json\/wp\/v2\/pages\/54\/revisions\/337"}],"wp:attachment":[{"href":"https:\/\/homecolonialsignpost.com\/fr\/wp-json\/wp\/v2\/media?parent=54"}],"curies":[{"name":"wp","href":"https:\/\/api.w.org\/{rel}","templated":true}]}}